{"id":660,"date":"2021-05-28T12:50:39","date_gmt":"2021-05-28T10:50:39","guid":{"rendered":"https:\/\/charterandcommander.com\/?page_id=660"},"modified":"2021-05-28T12:50:41","modified_gmt":"2021-05-28T10:50:41","slug":"politica-de-proteccion-de-datos-2","status":"publish","type":"page","link":"https:\/\/charterandcommander.com\/en\/politica-de-proteccion-de-datos-2\/","title":{"rendered":"POLITICA DE PROTECCI\u00d3N DE DATOS"},"content":{"rendered":"<div class=\"fusion-fullwidth fullwidth-box fusion-builder-row-1 nonhundred-percent-fullwidth non-hundred-percent-height-scrolling\"  style='background-color: rgba(255,255,255,0);background-position: center center;background-repeat: no-repeat;padding-top:0px;padding-right:0px;padding-bottom:0px;padding-left:0px;'><div class=\"fusion-builder-row fusion-row \"><div  class=\"fusion-layout-column fusion_builder_column fusion_builder_column_1_6 fusion-builder-column-0 fusion-one-sixth fusion-column-first 1_6\"  style='margin-top:0px;margin-bottom:20px;width:16.66%;width:calc(16.66% - ( ( 4% + 4% ) * 0.1666 ) );margin-right: 4%;'><div class=\"fusion-column-wrapper\" style=\"padding: 0px 0px 0px 0px;background-position:left top;background-repeat:no-repeat;-webkit-background-size:cover;-moz-background-size:cover;-o-background-size:cover;background-size:cover;\"   data-bg-url=\"\"><div class=\"fusion-clearfix\"><\/div><\/div><\/div><div  class=\"fusion-layout-column fusion_builder_column fusion_builder_column_2_3 fusion-builder-column-1 fusion-two-third 2_3\"  style='margin-top:0px;margin-bottom:20px;width:66.66%;width:calc(66.66% - ( ( 4% + 4% ) * 0.6666 ) );margin-right: 4%;'><div class=\"fusion-column-wrapper\" style=\"padding: 0px 0px 0px 0px;background-position:left top;background-repeat:no-repeat;-webkit-background-size:cover;-moz-background-size:cover;-o-background-size:cover;background-size:cover;\"   data-bg-url=\"\"><style type=\"text\/css\"><\/style><div class=\"fusion-title title fusion-title-1 fusion-title-center fusion-title-text fusion-title-size-one\" style=\"margin-top:0px;margin-bottom:31px;\"><div class=\"title-sep-container title-sep-container-left\"><div class=\"title-sep sep-single sep-solid\" style=\"border-color:#e0dede;\"><\/div><\/div><h1 class=\"title-heading-center\" style=\"margin:0;\"><h1 style=\"text-align: center;\" data-fontsize=\"35\" data-lineheight=\"52\">POL\u00cdTICA DE PROTECCI\u00d3N DE DATOS<br \/>\nCHARTER &amp; COMMANDER<\/h1><\/h1><div class=\"title-sep-container title-sep-container-right\"><div class=\"title-sep sep-single sep-solid\" style=\"border-color:#e0dede;\"><\/div><\/div><\/div><div class=\"fusion-text\"><p><strong>1.- Introducci\u00f3n.<\/strong><\/p>\n<p>La presente Pol\u00edtica de Protecci\u00f3n de Datos regula el tratamiento de datos personales facilitados por el USUARIO a trav\u00e9s del portal de internet: https:\/\/charterandcommander.com, que INVERSIONES INMOBILIARIAS LARTOSA, S.L., pone a disposici\u00f3n de los USUARIOS de Internet. La presente Pol\u00edtica es accesible en todo momento desde el portal.<\/p>\n<p>El USUARIO garantiza que los datos aportados son verdaderos, exactos, completos y actualizados, siendo responsable de cualquier da\u00f1o o perjuicio, directo o indirecto, que pudiera ocasionarse como consecuencia del incumplimiento de tal obligaci\u00f3n. En el caso de que los datos aportados pertenecieran a un tercero, el USUARIO garantiza que ha informado a dicho tercero de los aspectos contenidos en este documento y obtenido su autorizaci\u00f3n para facilitar sus datos a INVERSIONES INMOBILIARIAS LARTOSA, S.L., para los fines se\u00f1alados.<\/p>\n<p>INVERSIONES INMOBILIARIAS LARTOSA, S.L., respeta la legislaci\u00f3n vigente en materia de protecci\u00f3n de datos personales, la privacidad de los USUARIOS y el secreto y seguridad de los datos personales, de conformidad con lo establecido en la legislaci\u00f3n aplicable en materia de protecci\u00f3n de datos, en concreto, el Reglamento 2016\/679 del Parlamento Europeo y del Consejo de 27 de abril de 2016, adoptando para ello las medidas t\u00e9cnicas y organizativas necesarias para evitar la p\u00e9rdida, mal uso, alteraci\u00f3n, acceso no autorizado y robo de los datos personales facilitados, habida cuenta del estado de la tecnolog\u00eda, la naturaleza de los datos y los riesgos a los que est\u00e1n expuestos.<\/p>\n<p>En concreto, se informa a los USUARIOS del portal que sus datos de car\u00e1cter personal s\u00f3lo podr\u00e1n obtenerse para su tratamiento cuando sean adecuados, pertinentes y no excesivos en relaci\u00f3n con el \u00e1mbito y las finalidades determinadas, expl\u00edcitas y leg\u00edtimas para las que se hayan obtenido.<\/p>\n<p><strong>2.- \u00bfQui\u00e9n es el Responsable del Tratamiento?<\/strong><\/p>\n<p>INVERSIONES INMOBILIARIAS LARTOSA, S.L., es responsable de los tratamientos de la informaci\u00f3n personal que realiza de sus clientes. Empresa espa\u00f1ola con domicilio en Calle Allue Salvador 34, Villanueva de G\u00e1llego, Zaragoza y n\u00famero de CIF B50892025.<\/p>\n<p><strong>3.- Contenido y aceptaci\u00f3n de la Pol\u00edtica de Privacidad.<\/strong><\/p>\n<p>La presente Pol\u00edtica de Privacidad tiene por objeto dar a conocer el modo en que se recaban, tratan y protegen los datos de car\u00e1cter personal a los que se accede por los servicios asociados con este Sitio Web, a fin de que determine libre y voluntariamente si desea facilitar sus datos personales a trav\u00e9s de los formularios habilitados al efecto. Asimismo, la Pol\u00edtica de Privacidad regula el tratamiento de los datos personales facilitados en el pasado por usted a trav\u00e9s de otras v\u00edas ajenas al Sitio Web, o los que pueda facilitar en el futuro con remisi\u00f3n a la presente Pol\u00edtica, siempre en la medida en que no contradiga lo expresamente aceptado por usted en el momento de facilitar los datos, que ser\u00e1n respetados en todo caso. Los datos de car\u00e1cter personal, del USUARIO, s\u00f3lo se obtendr\u00e1n para su tratamiento cuando sean adecuados, pertinentes y no excesivos en relaci\u00f3n con el \u00e1mbito y las finalidades determinadas, expl\u00edcitas y leg\u00edtimas para las que se hayan obtenido.<\/p>\n<p><strong>\u00a0<\/strong><\/p>\n<p><strong>3.1.- Finalidad en el tratamiento de los datos.<\/strong><\/p>\n<p>La informaci\u00f3n facilitada por el USUARIO ser\u00e1 tratada con el fin de atender las solicitudes llevadas a cabo por parte de este:<\/p>\n<ol>\n<li>Consultas y solicitudes de propuestas de servicios, remitidas a trav\u00e9s del formulario de contacto habilitado al efecto.<\/li>\n<li>Curr\u00edculos remitidos a trav\u00e9s del formulario correspondiente.<\/li>\n<\/ol>\n<p><strong>3.2.- Ejercicio de los Derechos por parte del USUARIO.<\/strong><\/p>\n<p>El USUARIO podr\u00e1 ejercer los derechos de acceso, rectificaci\u00f3n, supresi\u00f3n, oposici\u00f3n, portabilidad. En determinadas circunstancias, el USUARIO podr\u00e1 solicitar la limitaci\u00f3n del tratamiento de sus datos, en cuyo caso \u00fanicamente se conservar\u00e1n para el ejercicio o la defensa de reclamaciones. El USUARIO tiene derecho a recibir una respuesta en los plazos establecidos por la legislaci\u00f3n vigente en materia de protecci\u00f3n de datos, pudiendo elegir entre los medios siguientes: dirigi\u00e9ndose a INVERSIONES INMOBILIARIAS LARTOSA, S.L., a trav\u00e9s de correo postal a Calle Allue Salvador 34, Villanueva de G\u00e1llego, Zaragoza, acreditando su identidad con una copia escaneada de su DNI o documento equivalente, y especificando el derecho que desea ejercer. O mediante el correo electr\u00f3nico: info@charterandcommander.com<\/p>\n<p><strong>\u00a0<\/strong><\/p>\n<p><strong>3.3.- Plazo de conservaci\u00f3n de los datos del USUARIO.<\/strong><\/p>\n<p>S\u00f3lo almacenamos su informaci\u00f3n personal en la medida en que la necesitamos a fin de poder utilizarla seg\u00fan la finalidad por la que fue recabada, y seg\u00fan la base jur\u00eddica del tratamiento de la misma de conformidad con la ley aplicable. Mantendremos su informaci\u00f3n personal mientras exista una relaci\u00f3n contractual y\/o comercial con usted o mientras no ejerza su derecho de supresi\u00f3n, cancelaci\u00f3n y\/o limitaci\u00f3n del tratamiento de sus datos.<\/p>\n<p>En estos casos mantendremos la informaci\u00f3n debidamente bloqueada, sin darle ning\u00fan uso, mientras pueda ser necesaria para el ejercicio o defensa de reclamaciones o pueda derivarse alg\u00fan tipo de responsabilidad judicial, legal o contractual de su tratamiento, que deba ser atendida y para lo cual sea necesaria su recuperaci\u00f3n.<\/p>\n<p><strong>3.4.- Menores.<\/strong><\/p>\n<p>INVERSIONES INMOBILIARIAS LARTOSA, S.L., tiene habilitado los medios necesarios para la no recogida de datos de menores de 14 a\u00f1os. En el caso que se recoja u obtenido, por error, informaci\u00f3n personal de un menor, se proceder\u00e1 a la eliminaci\u00f3n de la informaci\u00f3n lo antes posible.<\/p>\n<p><strong>4.- Seguridad inform\u00e1tica.<\/strong><\/p>\n<p>INVERSIONES INMOBILIARIAS LARTOSA, S.L., ha tratado de implementar y mantener los niveles de seguridad exigidos por la Ley para proteger los datos de car\u00e1cter personal de los USUARIOS frente a p\u00e9rdidas fortuitas y a accesos, tratamientos o revelaciones no autorizados, habida cuenta del estado de la tecnolog\u00eda, la naturaleza de los datos almacenados y los riesgos a que est\u00e1n expuestos. No obstante, la transmisi\u00f3n de informaci\u00f3n a trav\u00e9s de Internet no es totalmente segura; por ello, y a pesar de que INVERSIONES INMOBILIARIAS LARTOSA, S.L., realiza sus mejores esfuerzos para proteger los datos de los USUARIOS, no puede garantizar la seguridad de los mismos durante el tr\u00e1nsito hasta el Sitio Web. Por tanto, toda la informaci\u00f3n que facilite se enviar\u00e1 por Su cuenta y riesgo. Una vez recibidos tus datos, INVERSIONES INMOBILIARIAS LARTOSA, S.L., utilizar\u00e1 rigurosos procedimientos y funciones de seguridad para impedir cualquier acceso no autorizado.<\/p>\n<p><strong>5.- Enlaces con terceros.<\/strong><\/p>\n<p>En charterandcommander.com, pueden existir enlaces a sitios controlados por terceros. Debe recordar que, al usar un enlace para acceder desde este portal a otra web, dejar\u00e1 de surtir efectos nuestra Pol\u00edtica de Privacidad y la Pol\u00edtica de Cookies. La presente Pol\u00edtica de Privacidad no refleja las pr\u00e1cticas en materia de privacidad de esos otros sitios web de terceros. INVERSIONES INMOBILIARIAS LARTOSA, S.L., declina cualquier tipo de responsabilidad con respecto a la privacidad y el tratamiento de datos de otros sitios web. La navegaci\u00f3n e interacci\u00f3n en cualquier otro sitio web, incluidos aquellos que est\u00e9n enlazados con INVERSIONES INMOBILIARIAS LARTOSA, S.L., est\u00e1 sujeta a las normas y pol\u00edticas de dicho sitio web. Le recomendamos que lea las pol\u00edticas de tratamiento de datos y privacidad de los sitios web que visite a trav\u00e9s del enlace existente en nuestro portal o de cualquier otro modo.<\/p>\n<p><strong>5.1.- Datos compartidos con terceros.<\/strong><\/p>\n<p>INVERSIONES INMOBILIARIAS LARTOSA, S.L., no ceder\u00e1 los datos personales de los USUARIOS a ning\u00fan tercero sin una base jur\u00eddica que legitime este tratamiento.<\/p>\n<p><strong>6.- Pol\u00edtica de uso de cookies.<\/strong><\/p>\n<p>Las cookies y otras tecnolog\u00edas de seguimiento nos permiten, entre otras finalidades, recordar sus preferencias y reconocerle en sucesivas visitas.<\/p>\n<p><em>\u00bfQu\u00e9 es una cookie?<\/em><\/p>\n<p>Una cookie es un archivo que se descarga en el equipo terminal de un usuario con la finalidad de almacenar datos que podr\u00e1n ser actualizados y recuperados por la entidad responsable de su instalaci\u00f3n.<\/p>\n<p>Cuando Ud. accede al Sitio Web y presta su consentimiento para su instalaci\u00f3n, se instalan en su dispositivo (ordenador, tableta, tel\u00e9fono, etc.) peque\u00f1os ficheros con informaci\u00f3n. Estos ficheros (que son las propias cookies) forman parte de la tecnolog\u00eda necesaria para el correcto funcionamiento del Sitio Web y no son inherentemente perjudiciales.<\/p>\n<p>Las cookies se instalan y almacenan en su dispositivo y permiten seguir el rastro de su actividad en Internet.<br \/>\nPuede desactivar completamente el uso de cookies en el apartado de configuraci\u00f3n de su navegador. Puedes desactivar las cookies, pero el Sitio Web o algunas de sus secciones podr\u00edan no funcionar correctamente.<\/p>\n<p><em>\u00bfQu\u00e9 tipo de cookies utilizamos?<\/em><\/p>\n<p>Seg\u00fan la entidad que las gestione, las cookies pueden ser:<\/p>\n<ul>\n<li>Cookies propias: Son aqu\u00e9llas que se env\u00edan al equipo terminal del interesado desde un equipo o dominio gestionado por el propio editor y desde el que se presta el servicio solicitado por el usuario.<\/li>\n<li>Cookies de terceros: Son aqu\u00e9llas que se env\u00edan al equipo terminal del usuario desde un equipo o dominio que no es gestionado por el editor, sino por otra entidad que trata los datos obtenidos trav\u00e9s de las cookies.<\/li>\n<\/ul>\n<p>El Sitio Web utiliza tanto cookies propias como de terceros.<\/p>\n<p>Seg\u00fan el plazo de tiempo que permanecen activadas:<\/p>\n<ul>\n<li>Cookies de sesi\u00f3n: Son un tipo de cookies dise\u00f1adas para recabar y almacenar datos mientras el usuario accede a una p\u00e1gina web. Se suelen emplear para almacenar informaci\u00f3n que solo interesa conservar para la prestaci\u00f3n del servicio solicitado por el usuario en una sola ocasi\u00f3n (p.ej. una lista de productos adquiridos).<\/li>\n<li>Cookies persistentes: Son un tipo de cookies en el que los datos siguen almacenados en el terminal y pueden ser accedidos y tratados durante un periodo definido por el responsable de la cookie, y que puede ir de unos minutos a varios a\u00f1os.<\/li>\n<\/ul>\n<p>El Sitio Web utiliza tanto cookies persistentes como cookies de sesi\u00f3n.<\/p>\n<p><em>\u00bfPara qu\u00e9 finalidades pueden ser utilizadas las cookies del Sitio Web?<\/em><\/p>\n<ul>\n<li>Cookies t\u00e9cnicas: Son aqu\u00e9llas que permiten al usuario la navegaci\u00f3n a trav\u00e9s de una p\u00e1gina web, plataforma o aplicaci\u00f3n y la utilizaci\u00f3n de las diferentes opciones o servicios que en ella existan como, por ejemplo, controlar el tr\u00e1fico y la comunicaci\u00f3n de datos, identificar la sesi\u00f3n, acceder a partes de acceso restringido, recordar los elementos que integran un pedido, realizar el proceso de compra de un pedido, realizar la solicitud de inscripci\u00f3n o participaci\u00f3n en un evento, utilizar elementos de seguridad durante la navegaci\u00f3n, almacenar contenidos para la difusi\u00f3n de videos o sonido o compartir contenidos a trav\u00e9s de redes sociales.<\/li>\n<li>Cookies de personalizaci\u00f3n: Son aqu\u00e9llas que permiten al usuario acceder al servicio con algunas caracter\u00edsticas de car\u00e1cter general predefinidas en funci\u00f3n de una serie de criterios en el terminal del usuario como por ejemplo serian el idioma, el tipo de navegador a trav\u00e9s del cual accede al servicio, la configuraci\u00f3n regional desde donde accede al servicio, etc.<\/li>\n<li>Cookies de an\u00e1lisis: Son aqu\u00e9llas que permiten al responsable de las mismas, el seguimiento y an\u00e1lisis del comportamiento de los usuarios de los sitios web a los que est\u00e1n vinculadas. La informaci\u00f3n recogida mediante este tipo de cookies se utiliza en la medici\u00f3n de la actividad de los sitios web, aplicaci\u00f3n o plataforma y para la elaboraci\u00f3n de perfiles de navegaci\u00f3n de los usuarios de dichos sitios, aplicaciones y plataformas, con el fin de introducir mejoras en funci\u00f3n del an\u00e1lisis de los datos de uso que hacen los usuarios del servicio.<\/li>\n<li>Cookies publicitarias: Son aqu\u00e9llas que permiten la gesti\u00f3n, de la forma m\u00e1s eficaz posible, de los espacios publicitarios que, en su caso, el editor haya incluido en una p\u00e1gina web, aplicaci\u00f3n o plataforma desde la que presta el servicio solicitado en base a criterios como el contenido editado o la frecuencia en la que se muestran los anuncios.<\/li>\n<li>Cookies de publicidad comportamental: Son aqu\u00e9llas que permiten la gesti\u00f3n, de la forma m\u00e1s eficaz posible, de los espacios publicitarios que, en su caso, el editor haya incluido en una p\u00e1gina web, aplicaci\u00f3n o plataforma desde la que presta el servicio solicitado. Estas cookies almacenan informaci\u00f3n del comportamiento de los usuarios obtenida a trav\u00e9s de la observaci\u00f3n continuada de sus h\u00e1bitos de navegaci\u00f3n, lo que permite desarrollar un perfil espec\u00edfico para mostrar publicidad en funci\u00f3n del mismo.<\/li>\n<\/ul>\n<p>El Sitio Web utiliza cookies para las finalidades citadas.<\/p>\n<p><strong>7.-<\/strong>\u00a0<strong>Propiedad intelectual e industrial.<\/strong><\/p>\n<p>Todos los contenidos de la p\u00e1gina charterandcommander.com, son propiedad intelectual de INVERSIONES INMOBILIARIAS LARTOSA, S.L., o de terceros y no podr\u00e1n ser reproducidos, copiados, pegados, linkados, transmitidos, distribuidos o manipulados de cualquier forma y con cualquier finalidad, sin la autorizaci\u00f3n previa y por escrito de INVERSIONES INMOBILIARIAS LARTOSA, S.L., manteniendo en todo momento el \u00abcopyright\u00bb intacto y cualquier otro indicador de la propiedad intelectual de los materiales o contenidos. Todo uso o modificaci\u00f3n del Material o de los Contenidos para cualquier otro fin distinto del autorizado en las Condiciones Generales ser\u00e1 considerado una violaci\u00f3n de las leyes internacionales del \u00abcopyright\u00bb, que protegen los derechos de autor.<\/p>\n<p><strong>8.- Actualizaci\u00f3n.<\/strong><\/p>\n<p>Es posible que se deba actualizar esta Pol\u00edtica de Privacidad; por ello es necesario que revise esta pol\u00edtica peri\u00f3dicamente y si es posible cada vez que acceda al portal con el objetivo de estar adecuadamente informado sobre el tipo de informaci\u00f3n recopilada y su tratamiento. Puede encontrar la Pol\u00edtica de Privacidad al pie del portal.<\/p>\n<p>La Pol\u00edtica de Privacidad se actualiz\u00f3 por \u00faltima vez a fecha [22\/08\/2019].<\/p>\n<\/div><div class=\"fusion-clearfix\"><\/div><\/div><\/div><div  class=\"fusion-layout-column fusion_builder_column fusion_builder_column_1_6 fusion-builder-column-2 fusion-one-sixth fusion-column-last 1_6\"  style='margin-top:0px;margin-bottom:20px;width:16.66%;width:calc(16.66% - ( ( 4% + 4% ) * 0.1666 ) );'><div class=\"fusion-column-wrapper\" style=\"padding: 0px 0px 0px 0px;background-position:left top;background-repeat:no-repeat;-webkit-background-size:cover;-moz-background-size:cover;-o-background-size:cover;background-size:cover;\"   data-bg-url=\"\"><div class=\"fusion-clearfix\"><\/div><\/div><\/div><\/div><\/div>\n","protected":false},"excerpt":{"rendered":"","protected":false},"author":1,"featured_media":0,"parent":0,"menu_order":0,"comment_status":"closed","ping_status":"closed","template":"","meta":[],"_links":{"self":[{"href":"https:\/\/charterandcommander.com\/en\/wp-json\/wp\/v2\/pages\/660"}],"collection":[{"href":"https:\/\/charterandcommander.com\/en\/wp-json\/wp\/v2\/pages"}],"about":[{"href":"https:\/\/charterandcommander.com\/en\/wp-json\/wp\/v2\/types\/page"}],"author":[{"embeddable":true,"href":"https:\/\/charterandcommander.com\/en\/wp-json\/wp\/v2\/users\/1"}],"replies":[{"embeddable":true,"href":"https:\/\/charterandcommander.com\/en\/wp-json\/wp\/v2\/comments?post=660"}],"version-history":[{"count":2,"href":"https:\/\/charterandcommander.com\/en\/wp-json\/wp\/v2\/pages\/660\/revisions"}],"predecessor-version":[{"id":665,"href":"https:\/\/charterandcommander.com\/en\/wp-json\/wp\/v2\/pages\/660\/revisions\/665"}],"wp:attachment":[{"href":"https:\/\/charterandcommander.com\/en\/wp-json\/wp\/v2\/media?parent=660"}],"curies":[{"name":"wp","href":"https:\/\/api.w.org\/{rel}","templated":true}]}}