{"id":872,"date":"2021-07-15T10:57:35","date_gmt":"2021-07-15T08:57:35","guid":{"rendered":"https:\/\/charterandcommander.com\/services\/"},"modified":"2021-07-15T10:57:51","modified_gmt":"2021-07-15T08:57:51","slug":"services","status":"publish","type":"page","link":"https:\/\/charterandcommander.com\/fr\/services\/","title":{"rendered":"SERVICES"},"content":{"rendered":"<p><div class=\"fusion-bg-parallax\"  data-bg-align=\"center center\" data-direction=\"down\" data-mute=\"false\" data-opacity=\"100\" data-velocity=\"-0.3\" data-mobile-enabled=\"false\" data-break_parents=\"0\" data-bg-image=\"https:\/\/charterandcommander.com\/wp-content\/uploads\/2019\/08\/Pangea_0010_IMG_8985.jpg\" data-bg-repeat=\"false\" data-bg-height=\"\" data-bg-width=\"\"><\/div><div class=\"fusion-fullwidth fullwidth-box fusion-builder-row-1 fusion-parallax-down nonhundred-percent-fullwidth non-hundred-percent-height-scrolling\"  style='background-color: rgba(255,255,255,0);background-image: url(\"https:\/\/charterandcommander.com\/wp-content\/uploads\/2019\/08\/Pangea_0010_IMG_8985.jpg\");background-position: center center;background-repeat: no-repeat;padding-top:0px;padding-right:0px;padding-bottom:0px;padding-left:0px;margin-bottom: 35px;-webkit-background-size:cover;-moz-background-size:cover;-o-background-size:cover;background-size:cover;'><div class=\"fusion-builder-row fusion-row \"><div  class=\"fusion-layout-column fusion_builder_column fusion_builder_column_1_1 fusion-builder-column-0 fusion-one-full fusion-column-first fusion-column-last 1_1\"  style='margin-top:0px;margin-bottom:0px;'><div class=\"fusion-column-wrapper\" style=\"padding: 0px 0px 0px 0px;background-position:left top;background-repeat:no-repeat;-webkit-background-size:cover;-moz-background-size:cover;-o-background-size:cover;background-size:cover;\"   data-bg-url=\"\"><div class=\"fusion-text\"><h6 style=\"text-align: center\"><span style=\"color: #ffffff\">SERVICES<\/span><\/h6>\n<\/div><div class=\"fusion-clearfix\"><\/div><\/div><\/div><\/div><\/div><style type=\"text\/css\">.fusion-fullwidth.fusion-builder-row-1 a:not(.fusion-button):not(.fusion-builder-module-control):not(.fusion-social-network-icon):not(.fb-icon-element):not(.fusion-countdown-link):not(.fusion-rollover-link):not(.fusion-rollover-gallery):not(.fusion-button-bar):not(.add_to_cart_button):not(.show_details_button):not(.product_type_external):not(.fusion-quick-view):not(.fusion-rollover-title-link):not(.fusion-breadcrumb-link) , .fusion-fullwidth.fusion-builder-row-1 a:not(.fusion-button):not(.fusion-builder-module-control):not(.fusion-social-network-icon):not(.fb-icon-element):not(.fusion-countdown-link):not(.fusion-rollover-link):not(.fusion-rollover-gallery):not(.fusion-button-bar):not(.add_to_cart_button):not(.show_details_button):not(.product_type_external):not(.fusion-quick-view):not(.fusion-rollover-title-link):not(.fusion-breadcrumb-link):before, .fusion-fullwidth.fusion-builder-row-1 a:not(.fusion-button):not(.fusion-builder-module-control):not(.fusion-social-network-icon):not(.fb-icon-element):not(.fusion-countdown-link):not(.fusion-rollover-link):not(.fusion-rollover-gallery):not(.fusion-button-bar):not(.add_to_cart_button):not(.show_details_button):not(.product_type_external):not(.fusion-quick-view):not(.fusion-rollover-title-link):not(.fusion-breadcrumb-link):after {color: #444444;}.fusion-fullwidth.fusion-builder-row-1 a:not(.fusion-button):not(.fusion-builder-module-control):not(.fusion-social-network-icon):not(.fb-icon-element):not(.fusion-countdown-link):not(.fusion-rollover-link):not(.fusion-rollover-gallery):not(.fusion-button-bar):not(.add_to_cart_button):not(.show_details_button):not(.product_type_external):not(.fusion-quick-view):not(.fusion-rollover-title-link):not(.fusion-breadcrumb-link):hover, .fusion-fullwidth.fusion-builder-row-1 a:not(.fusion-button):not(.fusion-builder-module-control):not(.fusion-social-network-icon):not(.fb-icon-element):not(.fusion-countdown-link):not(.fusion-rollover-link):not(.fusion-rollover-gallery):not(.fusion-button-bar):not(.add_to_cart_button):not(.show_details_button):not(.product_type_external):not(.fusion-quick-view):not(.fusion-rollover-title-link):not(.fusion-breadcrumb-link):hover:before, .fusion-fullwidth.fusion-builder-row-1 a:not(.fusion-button):not(.fusion-builder-module-control):not(.fusion-social-network-icon):not(.fb-icon-element):not(.fusion-countdown-link):not(.fusion-rollover-link):not(.fusion-rollover-gallery):not(.fusion-button-bar):not(.add_to_cart_button):not(.show_details_button):not(.product_type_external):not(.fusion-quick-view):not(.fusion-rollover-title-link):not(.fusion-breadcrumb-link):hover:after {color: #1f2147;}.fusion-fullwidth.fusion-builder-row-1 .pagination a.inactive:hover, .fusion-fullwidth.fusion-builder-row-1 .fusion-filters .fusion-filter.fusion-active a {border-color: #1f2147;}.fusion-fullwidth.fusion-builder-row-1 .pagination .current {border-color: #1f2147; background-color: #1f2147;}.fusion-fullwidth.fusion-builder-row-1 .fusion-filters .fusion-filter.fusion-active a, .fusion-fullwidth.fusion-builder-row-1 .fusion-date-and-formats .fusion-format-box, .fusion-fullwidth.fusion-builder-row-1 .fusion-popover, .fusion-fullwidth.fusion-builder-row-1 .tooltip-shortcode {color: #1f2147;}#main .fusion-fullwidth.fusion-builder-row-1 .post .blog-shortcode-post-title a:hover {color: #1f2147;}<\/style><div class=\"fusion-fullwidth fullwidth-box fusion-builder-row-2 nonhundred-percent-fullwidth non-hundred-percent-height-scrolling\"  style='background-color: rgba(255,255,255,0);background-position: center center;background-repeat: no-repeat;padding-top:30px;padding-right:0px;padding-bottom:30px;padding-left:0px;margin-bottom: 0%;margin-top: 0%;'><div class=\"fusion-builder-row fusion-row \"><div  data-animationType=fadeInUp data-animationDuration=1.0 data-animationOffset=100% class=\"fusion-layout-column fusion_builder_column fusion_builder_column_1_1 fusion-builder-column-1 fusion-one-full fusion-column-first fusion-column-last fusion-animated 1_1\"  style='margin-top:0px;margin-bottom:20px;'><div class=\"fusion-column-wrapper\" style=\"padding: 0px 0px 0px 0px;background-position:left top;background-repeat:no-repeat;-webkit-background-size:cover;-moz-background-size:cover;-o-background-size:cover;background-size:cover;\"   data-bg-url=\"\"><div class=\"fusion-text\"><p style=\"text-align: center\"><span style=\"color: #999999\"><em>Chez <span style=\"color: #808080\">Charter&amp;Commander,<\/span> nous offrons toutes sortes de services nautiques adapt\u00e9s \u00e0 tous les besoins.<\/em><\/span><\/p>\n<p style=\"text-align: center\"><span style=\"color: #999999\"><em>Depuis un d\u00eener romantique au port, jusqu\u2019aux charters d\u2019une semaine \u00e0 travers toute la Costa Brava nord, notre seule mission est de d\u00e9passer les attentes de celui qui embarque, en offrant des exp\u00e9riences sur mesure et compl\u00e8tement uniques, telles que nos clients le sont. <span style=\"color: #808080\">#ridethetides<\/span><\/em><\/span><\/p>\n<\/div><div class=\"fusion-clearfix\"><\/div><\/div><\/div><\/div><\/div><div class=\"fusion-fullwidth fullwidth-box fusion-builder-row-3 nonhundred-percent-fullwidth non-hundred-percent-height-scrolling\"  style='background-color: rgba(255,255,255,0);background-position: center center;background-repeat: no-repeat;padding-top:0px;padding-right:0px;padding-bottom:0px;padding-left:0px;'><div class=\"fusion-builder-row fusion-row \"><div  data-animationType=slideInLeft data-animationDuration=1.0 data-animationOffset=100% class=\"fusion-layout-column fusion_builder_column fusion_builder_column_1_3 fusion-builder-column-2 fusion-one-third fusion-column-first fusion-animated 1_3\"  style='margin-top:0px;margin-bottom:20px;width:33.33%;width:calc(33.33% - ( ( 4% + 4% ) * 0.3333 ) );margin-right: 4%;'><div class=\"fusion-column-wrapper\" style=\"background-color:#f7f7f7;overflow:hidden;border-radius:5px 5px 5px 5px;padding: 15px 15px 15px 15px;background-position:left top;background-repeat:no-repeat;-webkit-background-size:cover;-moz-background-size:cover;-o-background-size:cover;background-size:cover;border-radius:5px 5px 5px 5px;\"   data-bg-url=\"\"><div class=\"fusion-text\"><h2 style=\"text-align: center\">Day Cruises<\/h2>\n<p style=\"text-align: center\"><strong>Croisi\u00e8res et d\u00e9parts d\u2019une journ\u00e9e<\/strong><\/p>\n<\/div><span class=\"fusion-imageframe imageframe-none imageframe-1 hover-type-none\"><img loading=\"lazy\" src=\"https:\/\/charterandcommander.com\/wp-content\/uploads\/2019\/08\/Pangea_0039_IMG_4739.jpg\" width=\"1700\" height=\"963\" alt=\"\" title=\"Pangea_0039_IMG_4739\" class=\"img-responsive wp-image-920\" srcset=\"https:\/\/charterandcommander.com\/wp-content\/uploads\/2019\/08\/Pangea_0039_IMG_4739-200x113.jpg 200w, https:\/\/charterandcommander.com\/wp-content\/uploads\/2019\/08\/Pangea_0039_IMG_4739-400x227.jpg 400w, https:\/\/charterandcommander.com\/wp-content\/uploads\/2019\/08\/Pangea_0039_IMG_4739-600x340.jpg 600w, https:\/\/charterandcommander.com\/wp-content\/uploads\/2019\/08\/Pangea_0039_IMG_4739-800x453.jpg 800w, https:\/\/charterandcommander.com\/wp-content\/uploads\/2019\/08\/Pangea_0039_IMG_4739-1200x680.jpg 1200w, https:\/\/charterandcommander.com\/wp-content\/uploads\/2019\/08\/Pangea_0039_IMG_4739.jpg 1700w\" sizes=\"(max-width: 800px) 100vw, 400px\" \/><\/span><div class=\"fusion-sep-clear\"><\/div><div class=\"fusion-separator fusion-full-width-sep sep-none\" style=\"margin-left: auto;margin-right: auto;margin-top:15px;\"><\/div><div class=\"fusion-text\"><p>Vivez une journ\u00e9e sp\u00e9ciale en naviguant sur la Costa Brava, visitez ses villages c\u00f4tiers les plus c\u00e9l\u00e8bres ou simplement amusez-vous avec vos amis et votre famille en passant la journ\u00e9e dans une crique aux eaux cristallines.<\/p>\n<p>Profitez de la d\u00e9couverte des fonds de posidonie et de la vie marine avec nos \u00e9quipements de snorkeling, recherchez les grottes avec le pneumatique auxiliaire, commander une paella pour manger \u00e0 bord et contemplez le coucher de soleil avec un bon gin-tonic pour finir la journ\u00e9e. Ca vous tente?<\/p>\n<\/div><div class=\"fusion-clearfix\"><\/div><\/div><\/div><div  data-animationType=slideInUp data-animationDuration=1.0 data-animationOffset=100% class=\"fusion-layout-column fusion_builder_column fusion_builder_column_1_3 fusion-builder-column-3 fusion-one-third fusion-animated 1_3\"  style='margin-top:0px;margin-bottom:20px;width:33.33%;width:calc(33.33% - ( ( 4% + 4% ) * 0.3333 ) );margin-right: 4%;'><div class=\"fusion-column-wrapper\" style=\"background-color:#f7f7f7;overflow:hidden;border-radius:5px 5px 5px 5px;padding: 15px 15px 15px 15px;background-position:left top;background-repeat:no-repeat;-webkit-background-size:cover;-moz-background-size:cover;-o-background-size:cover;background-size:cover;border-radius:5px 5px 5px 5px;\"   data-bg-url=\"\"><div class=\"fusion-text\"><h2 style=\"text-align: center\">Tailored Charter<\/h2>\n<p style=\"text-align: center\"><strong>Charte sur mesure<\/strong><\/p>\n<\/div><span class=\"fusion-imageframe imageframe-none imageframe-2 hover-type-none\"><img loading=\"lazy\" src=\"https:\/\/charterandcommander.com\/wp-content\/uploads\/2019\/08\/Pangea_0032_IMG_8708.jpg\" width=\"1700\" height=\"963\" alt=\"\" title=\"Pangea_0032_IMG_8708\" class=\"img-responsive wp-image-913\" srcset=\"https:\/\/charterandcommander.com\/wp-content\/uploads\/2019\/08\/Pangea_0032_IMG_8708-200x113.jpg 200w, https:\/\/charterandcommander.com\/wp-content\/uploads\/2019\/08\/Pangea_0032_IMG_8708-400x227.jpg 400w, https:\/\/charterandcommander.com\/wp-content\/uploads\/2019\/08\/Pangea_0032_IMG_8708-600x340.jpg 600w, https:\/\/charterandcommander.com\/wp-content\/uploads\/2019\/08\/Pangea_0032_IMG_8708-800x453.jpg 800w, https:\/\/charterandcommander.com\/wp-content\/uploads\/2019\/08\/Pangea_0032_IMG_8708-1200x680.jpg 1200w, https:\/\/charterandcommander.com\/wp-content\/uploads\/2019\/08\/Pangea_0032_IMG_8708.jpg 1700w\" sizes=\"(max-width: 800px) 100vw, 400px\" \/><\/span><div class=\"fusion-sep-clear\"><\/div><div class=\"fusion-separator fusion-full-width-sep sep-none\" style=\"margin-left: auto;margin-right: auto;margin-top:15px;\"><\/div><div class=\"fusion-text\"><p>Si vous souhaitez une exp\u00e9rience encore plus intense et ronde, nous vous recommandons de choisir les services Charter sur mesure. Dormez \u00e0 bord et passez un week-end complet en mer, ou profitez d\u2019une semaine de r\u00eave en d\u00e9couvrant \u00e0 fond les coins et villages historiques de la Costa Brava.<\/p>\n<p>Nous organiserons une rencontre avec nos capitaines o\u00f9, \u00e0 travers vos id\u00e9es, besoins et choix et gr\u00e2ce \u00e0 votre connaissance et exp\u00e9rience, nous planifierons la route qui vous convient le mieux.<\/p>\n<p>Il y a une infinit\u00e9 de possibilit\u00e9s, et elles tiennent toutes sur nos yachts, quelle est la votre?<\/p>\n<\/div><div class=\"fusion-clearfix\"><\/div><\/div><\/div><div  data-animationType=slideInRight data-animationDuration=1.0 data-animationOffset=100% class=\"fusion-layout-column fusion_builder_column fusion_builder_column_1_3 fusion-builder-column-4 fusion-one-third fusion-column-last fusion-animated 1_3\"  style='margin-top:0px;margin-bottom:20px;width:33.33%;width:calc(33.33% - ( ( 4% + 4% ) * 0.3333 ) );'><div class=\"fusion-column-wrapper\" style=\"background-color:#f7f7f7;overflow:hidden;border-radius:5px 5px 5px 5px;padding: 15px 15px 15px 15px;background-position:left top;background-repeat:no-repeat;-webkit-background-size:cover;-moz-background-size:cover;-o-background-size:cover;background-size:cover;border-radius:5px 5px 5px 5px;\"   data-bg-url=\"\"><div class=\"fusion-text\"><h2 style=\"text-align: center\">Special Events<\/h2>\n<p style=\"text-align: center\"><strong>\u00c9v\u00e9nements sp\u00e9ciaux<\/strong><\/p>\n<\/div><span class=\"fusion-imageframe imageframe-none imageframe-3 hover-type-none\"><img loading=\"lazy\" src=\"https:\/\/charterandcommander.com\/wp-content\/uploads\/2019\/08\/Pangea_0027_IMG_8759.jpg\" width=\"1700\" height=\"963\" alt=\"\" title=\"Pangea_0027_IMG_8759\" class=\"img-responsive wp-image-908\" srcset=\"https:\/\/charterandcommander.com\/wp-content\/uploads\/2019\/08\/Pangea_0027_IMG_8759-200x113.jpg 200w, https:\/\/charterandcommander.com\/wp-content\/uploads\/2019\/08\/Pangea_0027_IMG_8759-400x227.jpg 400w, https:\/\/charterandcommander.com\/wp-content\/uploads\/2019\/08\/Pangea_0027_IMG_8759-600x340.jpg 600w, https:\/\/charterandcommander.com\/wp-content\/uploads\/2019\/08\/Pangea_0027_IMG_8759-800x453.jpg 800w, https:\/\/charterandcommander.com\/wp-content\/uploads\/2019\/08\/Pangea_0027_IMG_8759-1200x680.jpg 1200w, https:\/\/charterandcommander.com\/wp-content\/uploads\/2019\/08\/Pangea_0027_IMG_8759.jpg 1700w\" sizes=\"(max-width: 800px) 100vw, 400px\" \/><\/span><div class=\"fusion-sep-clear\"><\/div><div class=\"fusion-separator fusion-full-width-sep sep-none\" style=\"margin-left: auto;margin-right: auto;margin-top:15px;\"><\/div><div class=\"fusion-text\"><p>Nos clients sont super cr\u00e9atifs et sont toujours pleins de nouveaux projets, et nous aimons \u00e7a. Pour les accueillir tous, nous avons cr\u00e9\u00e9 des services <em>d\u2019\u00e9v\u00e9nements sp\u00e9ciaux:<\/em> d\u00eeners romantiques au port, r\u00e9unions ultra-priv\u00e9es en haute mer, meetings d\u2019entreprise, team building d\u2019\u00e9quipe, f\u00eates priv\u00e9es, s\u00e9ances de photos ou clip video, transport entre deux points c\u00f4tiers&#8230; Allez-y, surprenez nous.<\/p>\n<\/div><div class=\"fusion-clearfix\"><\/div><\/div><\/div><\/div><\/div><\/p>\n","protected":false},"excerpt":{"rendered":"","protected":false},"author":1,"featured_media":0,"parent":0,"menu_order":0,"comment_status":"closed","ping_status":"closed","template":"100-width.php","meta":[],"_links":{"self":[{"href":"https:\/\/charterandcommander.com\/fr\/wp-json\/wp\/v2\/pages\/872"}],"collection":[{"href":"https:\/\/charterandcommander.com\/fr\/wp-json\/wp\/v2\/pages"}],"about":[{"href":"https:\/\/charterandcommander.com\/fr\/wp-json\/wp\/v2\/types\/page"}],"author":[{"embeddable":true,"href":"https:\/\/charterandcommander.com\/fr\/wp-json\/wp\/v2\/users\/1"}],"replies":[{"embeddable":true,"href":"https:\/\/charterandcommander.com\/fr\/wp-json\/wp\/v2\/comments?post=872"}],"version-history":[{"count":7,"href":"https:\/\/charterandcommander.com\/fr\/wp-json\/wp\/v2\/pages\/872\/revisions"}],"predecessor-version":[{"id":879,"href":"https:\/\/charterandcommander.com\/fr\/wp-json\/wp\/v2\/pages\/872\/revisions\/879"}],"wp:attachment":[{"href":"https:\/\/charterandcommander.com\/fr\/wp-json\/wp\/v2\/media?parent=872"}],"curies":[{"name":"wp","href":"https:\/\/api.w.org\/{rel}","templated":true}]}}